{"id":164,"date":"2019-02-09T17:48:14","date_gmt":"2019-02-09T16:48:14","guid":{"rendered":"http:\/\/fadanlongchamp.be\/wordpress\/?page_id=164"},"modified":"2019-03-02T22:28:23","modified_gmt":"2019-03-02T21:28:23","slug":"nos-services","status":"publish","type":"page","link":"http:\/\/fadanlongchamp.be\/index.php\/nos-services\/","title":{"rendered":"Nos services"},"content":{"rendered":"\n<h2 class=\"wp-block-heading\">Pourquoi faire appel \u00e0 notre carrosserie ? <\/h2>\n\n\n\n<p style=\"text-align:left\">Agr\u00e9\u00e9e toutes marques<\/p>\n\n\n\n<p style=\"text-align:left\"> Il existe deux types de carrosseries: les carrosseries sp\u00e9cialis\u00e9es dans une marque ( concessionnaires) et nous, une carrosserie agr\u00e9\u00e9e toutes marques.  L\u2019une n\u2019est pas forc\u00e9ment meilleure que l\u2019autre. Cela dit, en choisissant de faire appel \u00e0 notre carrosserie, vous avez la possibilit\u00e9 de nouer un relation sur la dur\u00e9e puisque vous ne serez pas oblig\u00e9 de changer de carrossier \u00e0 chaque changement de voiture, nous vous offrons un service personnalis\u00e9 et une relation directe. En plus de la garantie d\u2019un service de qualit\u00e9, un autre avantage (et non des moindres) d\u2019\u00eatre agr\u00e9\u00e9 aupr\u00e8s des compagnies d\u2019assurances, si vous le souhaitez, nous nous occupons de tout. De la r\u00e9ception du v\u00e9hicule \u00e0 la r\u00e9paration, en passant par les d\u00e9marches administratives, ce qui a le m\u00e9rite de simplifier le suivi de vos dossiers sinistres. Bien qu&rsquo;agr\u00e9\u00e9s par l&rsquo;ensemble des compagnies d&rsquo;assurances avec lesquelles nous entretenons les meilleures relations, notamment gr\u00e2ce \u00e0 notre parfaite conformit\u00e9 par rapport aux devis fix\u00e9s contradictoirement avec leurs experts, nous nous sommes rendus compte du d\u00e9sarroi profond dans lequel se trouvaient nombre de nos clients confront\u00e9s \u00e0 des probl\u00e8mes de non intervention des compagnies dans la r\u00e9paration de leur v\u00e9hicule. <\/p>\n\n\n\n<p style=\"text-align:left\">Les assurances \u00ab\u00a0tous risques\u00a0\u00bb sont devenues extr\u00eamement ch\u00e8res, leur franchise est souvent plus \u00e9lev\u00e9e que le montant des r\u00e9parations.<\/p>\n\n\n\n<p style=\"text-align:left\">Quel propri\u00e9taire de v\u00e9hicule n&rsquo;a pas \u00e9t\u00e9 amen\u00e9 un jour \u00e0 devoir proc\u00e9der aux r\u00e9parations \u00ab \u00e0 ses frais \u00bb ? Dans ce cas bien pr\u00e9cis, nous pouvons trouver pour vous et avec vous une solution avantageuse.<\/p>\n\n\n\n<p style=\"text-align:left\">Notez aussi que notre carrosserie est sp\u00e9cialis\u00e9e dans le sauvetage du sinistre total gr\u00e2ce aux moyens \u00e9nonc\u00e9s ci-avant. Les cas sont rares o\u00f9 nous n&rsquo;avons pu convaincre les experts de ne pas d\u00e9classer le v\u00e9hicule, quand c&rsquo;\u00e9tait la volont\u00e9 du client.<\/p>\n\n\n\n<p style=\"text-align:left\">Bref, aucune concession n&rsquo;est faite sur la qualit\u00e9 d&rsquo;ex\u00e9cution et nous vous offrons une garantie \u00e9crite de 5 ans, tant nous sommes confiants en notre m\u00e9tier et en notre exp\u00e9rience. Ceux-ci nous permettent aussi de vous garantir un respect strict, \u00e0 la livraison, du montant de notre devis.<\/p>\n\n\n\n<p style=\"text-align:left\">V\u00e9hicule de remplacement<\/p>\n\n\n\n<p style=\"text-align:left\">En ce qui concerne les voitures de remplacement , certaines personnes ne peuvent se passer de leur v\u00e9hicule ne serait-ce qu\u2019une seule journ\u00e9e, c\u2019est pourquoi, nous mettons \u00e0 votre disposition notre flotte gratuite de v\u00e9hicules de remplacement, automatique, manuelle, camionnette etc\u2026.<\/p>\n\n\n\n<figure class=\"wp-block-image\"><img decoding=\"async\" loading=\"lazy\" width=\"919\" height=\"1024\" src=\"http:\/\/fadanlongchamp.be\/wordpress\/wp-content\/uploads\/2019\/02\/IMG_5810-1-919x1024.jpg\" alt=\"\" class=\"wp-image-94\" srcset=\"http:\/\/fadanlongchamp.be\/wp-content\/uploads\/2019\/02\/IMG_5810-1-919x1024.jpg 919w, http:\/\/fadanlongchamp.be\/wp-content\/uploads\/2019\/02\/IMG_5810-1-269x300.jpg 269w, http:\/\/fadanlongchamp.be\/wp-content\/uploads\/2019\/02\/IMG_5810-1-768x856.jpg 768w, http:\/\/fadanlongchamp.be\/wp-content\/uploads\/2019\/02\/IMG_5810-1.jpg 1149w\" sizes=\"(max-width: 706px) 89vw, (max-width: 767px) 82vw, 740px\" \/><\/figure>\n","protected":false},"excerpt":{"rendered":"<p>Pourquoi faire appel \u00e0 notre carrosserie ? Agr\u00e9\u00e9e toutes marques Il existe deux types de carrosseries: les carrosseries sp\u00e9cialis\u00e9es dans une marque ( concessionnaires) et nous, une carrosserie agr\u00e9\u00e9e toutes marques. L\u2019une n\u2019est pas forc\u00e9ment meilleure que l\u2019autre. Cela dit, en choisissant de faire appel \u00e0 notre carrosserie, vous avez la possibilit\u00e9 de nouer un &hellip; <\/p>\n<p class=\"link-more\"><a href=\"http:\/\/fadanlongchamp.be\/index.php\/nos-services\/\" class=\"more-link\">Continuer la lecture<span class=\"screen-reader-text\"> de &laquo;&nbsp;Nos services&nbsp;&raquo;<\/span><\/a><\/p>\n","protected":false},"author":1,"featured_media":0,"parent":0,"menu_order":0,"comment_status":"closed","ping_status":"closed","template":"","meta":[],"_links":{"self":[{"href":"http:\/\/fadanlongchamp.be\/index.php\/wp-json\/wp\/v2\/pages\/164"}],"collection":[{"href":"http:\/\/fadanlongchamp.be\/index.php\/wp-json\/wp\/v2\/pages"}],"about":[{"href":"http:\/\/fadanlongchamp.be\/index.php\/wp-json\/wp\/v2\/types\/page"}],"author":[{"embeddable":true,"href":"http:\/\/fadanlongchamp.be\/index.php\/wp-json\/wp\/v2\/users\/1"}],"replies":[{"embeddable":true,"href":"http:\/\/fadanlongchamp.be\/index.php\/wp-json\/wp\/v2\/comments?post=164"}],"version-history":[{"count":6,"href":"http:\/\/fadanlongchamp.be\/index.php\/wp-json\/wp\/v2\/pages\/164\/revisions"}],"predecessor-version":[{"id":218,"href":"http:\/\/fadanlongchamp.be\/index.php\/wp-json\/wp\/v2\/pages\/164\/revisions\/218"}],"wp:attachment":[{"href":"http:\/\/fadanlongchamp.be\/index.php\/wp-json\/wp\/v2\/media?parent=164"}],"curies":[{"name":"wp","href":"https:\/\/api.w.org\/{rel}","templated":true}]}}